{"id":229961,"date":"2023-07-24T13:51:57","date_gmt":"2023-07-24T18:51:57","guid":{"rendered":"https:\/\/www.promodestinos.net\/sitio\/?page_id=229961"},"modified":"2024-02-16T09:10:10","modified_gmt":"2024-02-16T14:10:10","slug":"reservas-hoteleras-nacionales-e-internacionales","status":"publish","type":"page","link":"https:\/\/www.promodestinos.net\/sitio\/reservas-hoteleras-nacionales-e-internacionales\/","title":{"rendered":"Reservas hoteleras nacionales e internacionales"},"content":{"rendered":"<p>[et_pb_section fb_built=\u00bb1&#8243; custom_padding_last_edited=\u00bbon|tablet\u00bb admin_label=\u00bbHeader\u00bb _builder_version=\u00bb4.18.0&#8243; _module_preset=\u00bbdefault\u00bb background_color=\u00bb#601010&#8243; use_background_color_gradient=\u00bbon\u00bb background_color_gradient_stops=\u00bb#601010 29%|#840606 60%\u00bb background_color_gradient_overlays_image=\u00bbon\u00bb background_image=\u00bbhttps:\/\/www.promodestinos.net\/sitio\/wp-content\/uploads\/2023\/06\/terminal-aeropuerto.jpg\u00bb background_blend=\u00bbmultiply\u00bb custom_margin=\u00bb||||false|false\u00bb custom_padding=\u00bb100px||100px||false|false\u00bb custom_padding_tablet=\u00bb||10%||false|false\u00bb custom_padding_phone=\u00bb||10%||false|false\u00bb bottom_divider_style=\u00bbramp\u00bb bottom_divider_color=\u00bb#FFFFFF\u00bb bottom_divider_repeat=\u00bb1x\u00bb bottom_divider_flip=\u00bbhorizontal\u00bb collapsed=\u00bbon\u00bb global_colors_info=\u00bb{}\u00bb][et_pb_row _builder_version=\u00bb4.18.0&#8243; _module_preset=\u00bbdefault\u00bb animation_style=\u00bbzoom\u00bb animation_delay=\u00bb200ms\u00bb animation_intensity_zoom=\u00bb20%\u00bb hover_enabled=\u00bb0&#8243; global_colors_info=\u00bb{}\u00bb sticky_enabled=\u00bb0&#8243;][et_pb_column type=\u00bb4_4&#8243; _builder_version=\u00bb4.19.0&#8243; _module_preset=\u00bbdefault\u00bb global_colors_info=\u00bb{}\u00bb][et_pb_text _builder_version=\u00bb4.22.1&#8243; _dynamic_attributes=\u00bblink_option_url\u00bb _module_preset=\u00bb518880c8-46c7-4ffa-b5a6-93ffa99dcc17&#8243; text_font=\u00bbMontserrat|800||on|||||\u00bb text_text_color=\u00bb#FFFFFF\u00bb text_font_size=\u00bb26px\u00bb text_line_height=\u00bb1.65em\u00bb width=\u00bb60%\u00bb width_tablet=\u00bb100%\u00bb width_phone=\u00bb100%\u00bb width_last_edited=\u00bbon|tablet\u00bb custom_margin=\u00bb||9px||false|false\u00bb link_option_url=\u00bb@ET-DC@eyJkeW5hbWljIjp0cnVlLCJjb250ZW50IjoicG9zdF9saW5rX3VybF9wYWdlIiwic2V0dGluZ3MiOnsicG9zdF9pZCI6IjI0In19@\u00bb hover_enabled=\u00bb0&#8243; text_font_size_tablet=\u00bb28px\u00bb text_font_size_phone=\u00bb22px\u00bb text_font_size_last_edited=\u00bbon|desktop\u00bb border_width_bottom=\u00bb4px\u00bb border_color_bottom=\u00bb#AD9A74&#8243; global_colors_info=\u00bb{}\u00bb background_layout=\u00bbdark\u00bb sticky_enabled=\u00bb0&#8243;]<\/p>\n<p>Paquetes tur\u00edsticos<\/p>\n<p>[\/et_pb_text][et_pb_text _builder_version=\u00bb4.18.0&#8243; _module_preset=\u00bbc16985e1-e0d6-4022-964d-e2bfc04fa633&#8243; header_font=\u00bbMontserrat|700|||||||\u00bb header_text_color=\u00bb#FFFFFF\u00bb header_font_size=\u00bb38px\u00bb header_font_size_tablet=\u00bb40px\u00bb header_font_size_phone=\u00bb32px\u00bb header_font_size_last_edited=\u00bbon|phone\u00bb global_colors_info=\u00bb{}\u00bb]<\/p>\n<h1>Reservas hoteleras nacionales e internacionales<\/h1>\n<p>[\/et_pb_text][\/et_pb_column][\/et_pb_row][et_pb_row column_structure=\u00bb3_5,2_5&#8243; _builder_version=\u00bb4.19.0&#8243; _module_preset=\u00bbdefault\u00bb animation_style=\u00bbzoom\u00bb animation_delay=\u00bb200ms\u00bb animation_intensity_zoom=\u00bb20%\u00bb global_colors_info=\u00bb{}\u00bb][et_pb_column type=\u00bb3_5&#8243; _builder_version=\u00bb4.19.0&#8243; _module_preset=\u00bbdefault\u00bb global_colors_info=\u00bb{}\u00bb][et_pb_image src=\u00bbhttps:\/\/www.promodestinos.net\/sitio\/wp-content\/uploads\/2023\/06\/img-3.jpg\u00bb title_text=\u00bbimg (3)\u00bb force_fullwidth=\u00bbon\u00bb _builder_version=\u00bb4.18.0&#8243; _module_preset=\u00bbdefault\u00bb global_colors_info=\u00bb{}\u00bb][\/et_pb_image][\/et_pb_column][et_pb_column type=\u00bb2_5&#8243; _builder_version=\u00bb4.19.0&#8243; _module_preset=\u00bbdefault\u00bb global_colors_info=\u00bb{}\u00bb][et_pb_text _builder_version=\u00bb4.18.0&#8243; _module_preset=\u00bb518880c8-46c7-4ffa-b5a6-93ffa99dcc17&#8243; text_font=\u00bbMontserrat|700|||||||\u00bb text_text_color=\u00bb#FFFFFF\u00bb text_font_size=\u00bb22px\u00bb text_line_height=\u00bb1.65em\u00bb width=\u00bb60%\u00bb width_tablet=\u00bb100%\u00bb width_phone=\u00bb100%\u00bb width_last_edited=\u00bbon|tablet\u00bb custom_margin=\u00bb||||false|false\u00bb text_font_size_tablet=\u00bb28px\u00bb text_font_size_phone=\u00bb22px\u00bb text_font_size_last_edited=\u00bbon|desktop\u00bb border_color_bottom=\u00bb#ad9a74&#8243; global_colors_info=\u00bb{}\u00bb]<\/p>\n<p>Descripci\u00f3n:<\/p>\n<p>[\/et_pb_text][et_pb_text _builder_version=\u00bb4.18.0&#8243; _module_preset=\u00bb518880c8-46c7-4ffa-b5a6-93ffa99dcc17&#8243; text_font=\u00bbOpen Sans||||||||\u00bb text_text_color=\u00bb#FFFFFF\u00bb text_line_height=\u00bb1.65em\u00bb text_orientation=\u00bbjustified\u00bb width_tablet=\u00bb100%\u00bb width_phone=\u00bb100%\u00bb width_last_edited=\u00bboff|desktop\u00bb custom_margin=\u00bb||||false|false\u00bb text_font_size_tablet=\u00bb14px\u00bb text_font_size_phone=\u00bb14px\u00bb text_font_size_last_edited=\u00bboff|tablet\u00bb border_color_bottom=\u00bb#FFFFFF\u00bb global_colors_info=\u00bb{}\u00bb]En Promodestinos, te brindamos la facilidad de reservar hoteles tanto en destinos nacionales como internacionales. Nuestra amplia selecci\u00f3n de opciones de alojamiento te permitir\u00e1 encontrar el lugar perfecto para hospedarte durante tus viajes, ya sea dentro de tu pa\u00eds o en cualquier rinc\u00f3n del mundo.<\/p>\n<p>Desde acogedores hoteles boutique hasta lujosos resorts, tenemos la opci\u00f3n ideal para cada tipo de viajero. Ya sea que est\u00e9s buscando una escapada de fin de semana, unas vacaciones familiares o un viaje de negocios, nuestro equipo de expertos en reservas hoteleras est\u00e1 listo para ayudarte a encontrar el alojamiento perfecto que se adapte a tus necesidades y preferencias.[\/et_pb_text][\/et_pb_column][\/et_pb_row][\/et_pb_section][et_pb_section fb_built=\u00bb1&#8243; admin_label=\u00bbCarrusel Logos\u00bb _builder_version=\u00bb4.17.6&#8243; _module_preset=\u00bbdefault\u00bb collapsed=\u00bbon\u00bb global_colors_info=\u00bb{}\u00bb][et_pb_row _builder_version=\u00bb4.19.0&#8243; _module_preset=\u00bbdefault\u00bb animation_style=\u00bbzoom\u00bb animation_delay=\u00bb200ms\u00bb animation_intensity_zoom=\u00bb20%\u00bb global_colors_info=\u00bb{}\u00bb][et_pb_column type=\u00bb4_4&#8243; _builder_version=\u00bb4.19.0&#8243; _module_preset=\u00bbdefault\u00bb global_colors_info=\u00bb{}\u00bb][et_pb_text _builder_version=\u00bb4.18.0&#8243; _module_preset=\u00bbc16985e1-e0d6-4022-964d-e2bfc04fa633&#8243; header_font=\u00bbBebas Neue||||||||\u00bb header_text_color=\u00bb#601010&#8243; header_font_size=\u00bb42px\u00bb header_2_font=\u00bbMontserrat|700|||||||\u00bb header_2_text_color=\u00bb#E02B20&#8243; header_2_font_size=\u00bb36px\u00bb header_font_size_tablet=\u00bb40px\u00bb header_font_size_phone=\u00bb32px\u00bb header_font_size_last_edited=\u00bbon|desktop\u00bb header_2_font_size_tablet=\u00bb32px\u00bb header_2_font_size_phone=\u00bb22px\u00bb header_2_font_size_last_edited=\u00bbon|tablet\u00bb border_width_bottom=\u00bb4px\u00bb border_color_bottom=\u00bb#E02B20&#8243; global_colors_info=\u00bb{}\u00bb]<\/p>\n<h2>Recomendaciones:<\/h2>\n<p>[\/et_pb_text][et_pb_text _builder_version=\u00bb4.18.0&#8243; _module_preset=\u00bb518880c8-46c7-4ffa-b5a6-93ffa99dcc17&#8243; text_font=\u00bbOpen Sans||||||||\u00bb text_text_color=\u00bb#000000&#8243; text_line_height=\u00bb1.65em\u00bb text_orientation=\u00bbjustified\u00bb width_tablet=\u00bb100%\u00bb width_phone=\u00bb100%\u00bb width_last_edited=\u00bboff|desktop\u00bb custom_margin=\u00bb||||false|false\u00bb text_font_size_tablet=\u00bb14px\u00bb text_font_size_phone=\u00bb14px\u00bb text_font_size_last_edited=\u00bboff|tablet\u00bb global_colors_info=\u00bb{}\u00bb]Con Promodestinos, puedes reservar tu hotel con total comodidad y confianza, sabiendo que te estamos proporcionando las mejores opciones y las tarifas m\u00e1s competitivas. Simplifica tu proceso de reserva y asegura una estancia placentera con nuestros servicios de reservas hoteleras nacionales e internacionales. \u00a1Prep\u00e1rate para vivir una experiencia de viaje inolvidable en el destino de tus sue\u00f1os![\/et_pb_text][\/et_pb_column][\/et_pb_row][et_pb_row make_equal=\u00bbon\u00bb _builder_version=\u00bb4.18.0&#8243; _module_preset=\u00bbdefault\u00bb module_alignment=\u00bbcenter\u00bb custom_margin=\u00bb|134px||auto||\u00bb animation_style=\u00bbzoom\u00bb animation_delay=\u00bb200ms\u00bb animation_intensity_zoom=\u00bb20%\u00bb locked=\u00bboff\u00bb global_colors_info=\u00bb{}\u00bb][et_pb_column type=\u00bb4_4&#8243; _builder_version=\u00bb4.18.0&#8243; _module_preset=\u00bbdefault\u00bb global_colors_info=\u00bb{}\u00bb][dipl_masonry_gallery image_ids=\u00bb230117,230108,230107,230105,230104,230096,230093,230091&#8243; enable_lightbox=\u00bbon\u00bb enable_overlay=\u00bbon\u00bb overlay_icon=\u00bb&#x54;||divi||400&#8243; overlay_icon_color=\u00bb#FFFFFF\u00bb overlay_color=\u00bbrgba(150,1,1,0.57)\u00bb _builder_version=\u00bb4.22.1&#8243; _module_preset=\u00bbdefault\u00bb global_colors_info=\u00bb{}\u00bb][\/dipl_masonry_gallery][\/et_pb_column][\/et_pb_row][\/et_pb_section]<\/p>\n","protected":false},"excerpt":{"rendered":"<p>Paquetes tur\u00edsticosReservas hoteleras nacionales e internacionalesDescripci\u00f3n:En Promodestinos, te brindamos la facilidad de reservar hoteles tanto en destinos nacionales como internacionales. Nuestra amplia selecci\u00f3n de opciones de alojamiento te permitir\u00e1 encontrar el lugar perfecto para hospedarte durante tus viajes, ya sea dentro de tu pa\u00eds o en cualquier rinc\u00f3n del mundo. Desde acogedores hoteles boutique hasta [&hellip;]<\/p>\n","protected":false},"author":2,"featured_media":0,"parent":0,"menu_order":0,"comment_status":"closed","ping_status":"closed","template":"","meta":{"_et_pb_use_builder":"on","_et_pb_old_content":"<!-- wp:divi\/placeholder \/-->","_et_gb_content_width":"","_joinchat":[],"footnotes":""},"class_list":["post-229961","page","type-page","status-publish","hentry"],"_links":{"self":[{"href":"https:\/\/www.promodestinos.net\/sitio\/wp-json\/wp\/v2\/pages\/229961","targetHints":{"allow":["GET"]}}],"collection":[{"href":"https:\/\/www.promodestinos.net\/sitio\/wp-json\/wp\/v2\/pages"}],"about":[{"href":"https:\/\/www.promodestinos.net\/sitio\/wp-json\/wp\/v2\/types\/page"}],"author":[{"embeddable":true,"href":"https:\/\/www.promodestinos.net\/sitio\/wp-json\/wp\/v2\/users\/2"}],"replies":[{"embeddable":true,"href":"https:\/\/www.promodestinos.net\/sitio\/wp-json\/wp\/v2\/comments?post=229961"}],"version-history":[{"count":6,"href":"https:\/\/www.promodestinos.net\/sitio\/wp-json\/wp\/v2\/pages\/229961\/revisions"}],"predecessor-version":[{"id":230136,"href":"https:\/\/www.promodestinos.net\/sitio\/wp-json\/wp\/v2\/pages\/229961\/revisions\/230136"}],"wp:attachment":[{"href":"https:\/\/www.promodestinos.net\/sitio\/wp-json\/wp\/v2\/media?parent=229961"}],"curies":[{"name":"wp","href":"https:\/\/api.w.org\/{rel}","templated":true}]}}