{"id":229986,"date":"2023-07-24T14:17:39","date_gmt":"2023-07-24T19:17:39","guid":{"rendered":"https:\/\/www.promodestinos.net\/sitio\/?page_id=229986"},"modified":"2024-02-22T10:46:40","modified_gmt":"2024-02-22T15:46:40","slug":"tramite-de-visas","status":"publish","type":"page","link":"https:\/\/www.promodestinos.net\/sitio\/tramite-de-visas\/","title":{"rendered":"Tramite de visas"},"content":{"rendered":"<p>[et_pb_section fb_built=\u00bb1&#8243; custom_padding_last_edited=\u00bbon|tablet\u00bb admin_label=\u00bbHeader\u00bb _builder_version=\u00bb4.18.0&#8243; _module_preset=\u00bbdefault\u00bb background_color=\u00bb#601010&#8243; use_background_color_gradient=\u00bbon\u00bb background_color_gradient_stops=\u00bb#601010 29%|#840606 60%\u00bb background_color_gradient_overlays_image=\u00bbon\u00bb background_image=\u00bbhttps:\/\/www.promodestinos.net\/sitio\/wp-content\/uploads\/2023\/06\/terminal-aeropuerto.jpg\u00bb background_blend=\u00bbmultiply\u00bb custom_margin=\u00bb||||false|false\u00bb custom_padding=\u00bb100px||100px||false|false\u00bb custom_padding_tablet=\u00bb||10%||false|false\u00bb custom_padding_phone=\u00bb||10%||false|false\u00bb bottom_divider_style=\u00bbramp\u00bb bottom_divider_color=\u00bb#FFFFFF\u00bb bottom_divider_repeat=\u00bb1x\u00bb bottom_divider_flip=\u00bbhorizontal\u00bb collapsed=\u00bbon\u00bb global_colors_info=\u00bb{}\u00bb][et_pb_row _builder_version=\u00bb4.18.0&#8243; _module_preset=\u00bbdefault\u00bb animation_style=\u00bbzoom\u00bb animation_delay=\u00bb200ms\u00bb animation_intensity_zoom=\u00bb20%\u00bb global_colors_info=\u00bb{}\u00bb][et_pb_column type=\u00bb4_4&#8243; _builder_version=\u00bb4.19.0&#8243; _module_preset=\u00bbdefault\u00bb global_colors_info=\u00bb{}\u00bb][et_pb_text _builder_version=\u00bb4.18.0&#8243; _dynamic_attributes=\u00bblink_option_url\u00bb _module_preset=\u00bb518880c8-46c7-4ffa-b5a6-93ffa99dcc17&#8243; text_font=\u00bbMontserrat|800||on|||||\u00bb text_text_color=\u00bb#AD9A74&#8243; text_font_size=\u00bb26px\u00bb text_line_height=\u00bb1.65em\u00bb width=\u00bb60%\u00bb width_tablet=\u00bb100%\u00bb width_phone=\u00bb100%\u00bb width_last_edited=\u00bbon|tablet\u00bb custom_margin=\u00bb||||false|false\u00bb link_option_url=\u00bb@ET-DC@eyJkeW5hbWljIjp0cnVlLCJjb250ZW50IjoicG9zdF9saW5rX3VybF9wYWdlIiwic2V0dGluZ3MiOnsicG9zdF9pZCI6IjI0In19@\u00bb text_font_size_tablet=\u00bb28px\u00bb text_font_size_phone=\u00bb22px\u00bb text_font_size_last_edited=\u00bbon|desktop\u00bb border_width_bottom=\u00bb4px\u00bb border_color_bottom=\u00bb#AD9A74&#8243; global_colors_info=\u00bb{}\u00bb]<\/p>\n<p>Paquetes tur\u00edsticos<\/p>\n<p>[\/et_pb_text][et_pb_text _builder_version=\u00bb4.18.0&#8243; _module_preset=\u00bbc16985e1-e0d6-4022-964d-e2bfc04fa633&#8243; header_font=\u00bbMontserrat|700|||||||\u00bb header_text_color=\u00bb#FFFFFF\u00bb header_font_size=\u00bb38px\u00bb header_font_size_tablet=\u00bb40px\u00bb header_font_size_phone=\u00bb32px\u00bb header_font_size_last_edited=\u00bbon|phone\u00bb global_colors_info=\u00bb{}\u00bb]<\/p>\n<h1>Tr\u00e1mite de visas<\/h1>\n<p>[\/et_pb_text][\/et_pb_column][\/et_pb_row][et_pb_row column_structure=\u00bb3_5,2_5&#8243; _builder_version=\u00bb4.19.0&#8243; _module_preset=\u00bbdefault\u00bb animation_style=\u00bbzoom\u00bb animation_delay=\u00bb200ms\u00bb animation_intensity_zoom=\u00bb20%\u00bb global_colors_info=\u00bb{}\u00bb][et_pb_column type=\u00bb3_5&#8243; _builder_version=\u00bb4.19.0&#8243; _module_preset=\u00bbdefault\u00bb global_colors_info=\u00bb{}\u00bb][et_pb_image src=\u00bbhttps:\/\/www.promodestinos.net\/sitio\/wp-content\/uploads\/2023\/07\/img-11.jpg\u00bb title_text=\u00bbimg-(11)\u00bb force_fullwidth=\u00bbon\u00bb _builder_version=\u00bb4.18.0&#8243; _module_preset=\u00bbdefault\u00bb global_colors_info=\u00bb{}\u00bb][\/et_pb_image][\/et_pb_column][et_pb_column type=\u00bb2_5&#8243; _builder_version=\u00bb4.19.0&#8243; _module_preset=\u00bbdefault\u00bb global_colors_info=\u00bb{}\u00bb][et_pb_text _builder_version=\u00bb4.18.0&#8243; _module_preset=\u00bb518880c8-46c7-4ffa-b5a6-93ffa99dcc17&#8243; text_font=\u00bbMontserrat|700|||||||\u00bb text_text_color=\u00bb#FFFFFF\u00bb text_font_size=\u00bb22px\u00bb text_line_height=\u00bb1.65em\u00bb width=\u00bb60%\u00bb width_tablet=\u00bb100%\u00bb width_phone=\u00bb100%\u00bb width_last_edited=\u00bbon|tablet\u00bb custom_margin=\u00bb||||false|false\u00bb text_font_size_tablet=\u00bb28px\u00bb text_font_size_phone=\u00bb22px\u00bb text_font_size_last_edited=\u00bbon|desktop\u00bb border_color_bottom=\u00bb#ad9a74&#8243; global_colors_info=\u00bb{}\u00bb]<\/p>\n<p>Descripci\u00f3n:<\/p>\n<p>[\/et_pb_text][et_pb_text _builder_version=\u00bb4.18.0&#8243; _module_preset=\u00bb518880c8-46c7-4ffa-b5a6-93ffa99dcc17&#8243; text_font=\u00bbOpen Sans||||||||\u00bb text_text_color=\u00bb#FFFFFF\u00bb text_line_height=\u00bb1.65em\u00bb text_orientation=\u00bbjustified\u00bb width_tablet=\u00bb100%\u00bb width_phone=\u00bb100%\u00bb width_last_edited=\u00bboff|desktop\u00bb custom_margin=\u00bb||||false|false\u00bb text_font_size_tablet=\u00bb14px\u00bb text_font_size_phone=\u00bb14px\u00bb text_font_size_last_edited=\u00bboff|tablet\u00bb border_color_bottom=\u00bb#FFFFFF\u00bb global_colors_info=\u00bb{}\u00bb]<\/p>\n<p>Facilitamos tus sue\u00f1os de viajar por el mundo con nuestro servicio de tr\u00e1mite de visas en Promodestinos. Nuestro equipo de expertos te guiar\u00e1 en cada paso del proceso para obtener tu visa de manera exitosa. Conf\u00eda en nosotros para hacer realidad tus planes de viaje y comenzar a vivir las experiencias que siempre has deseado en los destinos m\u00e1s fascinantes del planeta. \u00a1Tu pr\u00f3xima aventura est\u00e1 a solo un paso con nuestro servicio de tr\u00e1mite de visas en Promodestinos!<\/p>\n<p>[\/et_pb_text][\/et_pb_column][\/et_pb_row][\/et_pb_section][et_pb_section fb_built=\u00bb1&#8243; admin_label=\u00bbCarrusel Logos\u00bb _builder_version=\u00bb4.17.6&#8243; _module_preset=\u00bbdefault\u00bb collapsed=\u00bbon\u00bb global_colors_info=\u00bb{}\u00bb][et_pb_row _builder_version=\u00bb4.19.0&#8243; _module_preset=\u00bbdefault\u00bb animation_style=\u00bbzoom\u00bb animation_delay=\u00bb200ms\u00bb animation_intensity_zoom=\u00bb20%\u00bb global_colors_info=\u00bb{}\u00bb][et_pb_column type=\u00bb4_4&#8243; _builder_version=\u00bb4.19.0&#8243; _module_preset=\u00bbdefault\u00bb global_colors_info=\u00bb{}\u00bb][et_pb_text _builder_version=\u00bb4.18.0&#8243; _module_preset=\u00bbc16985e1-e0d6-4022-964d-e2bfc04fa633&#8243; header_font=\u00bbBebas Neue||||||||\u00bb header_text_color=\u00bb#601010&#8243; header_font_size=\u00bb42px\u00bb header_2_font=\u00bbMontserrat|700|||||||\u00bb header_2_text_color=\u00bb#E02B20&#8243; header_2_font_size=\u00bb36px\u00bb header_font_size_tablet=\u00bb40px\u00bb header_font_size_phone=\u00bb32px\u00bb header_font_size_last_edited=\u00bbon|desktop\u00bb header_2_font_size_tablet=\u00bb32px\u00bb header_2_font_size_phone=\u00bb22px\u00bb header_2_font_size_last_edited=\u00bbon|tablet\u00bb border_width_bottom=\u00bb4px\u00bb border_color_bottom=\u00bb#E02B20&#8243; global_colors_info=\u00bb{}\u00bb]<\/p>\n<h2>Cl\u00e1usula de responsabilidad en tr\u00e1mite de visas<\/h2>\n<p>[\/et_pb_text][et_pb_text _builder_version=\u00bb4.18.0&#8243; _module_preset=\u00bb518880c8-46c7-4ffa-b5a6-93ffa99dcc17&#8243; text_font=\u00bbOpen Sans||||||||\u00bb text_text_color=\u00bb#000000&#8243; text_line_height=\u00bb1.65em\u00bb text_orientation=\u00bbjustified\u00bb width_tablet=\u00bb100%\u00bb width_phone=\u00bb100%\u00bb width_last_edited=\u00bboff|desktop\u00bb custom_margin=\u00bb||||false|false\u00bb text_font_size_tablet=\u00bb14px\u00bb text_font_size_phone=\u00bb14px\u00bb text_font_size_last_edited=\u00bboff|tablet\u00bb global_colors_info=\u00bb{}\u00bb]<\/p>\n<p><strong>PROMODESTINOS SAS \u2013 NIT 900.3516.427-1<\/strong> Agencia de Viajes y Turismo Empresa Intermediaria de la Prestaci\u00f3n de Servicios Tur\u00edsticos.<\/p>\n<p><em><strong>CL\u00c1USULA DE RESPONSABILIDAD EN PLANES TUR\u00cdSTICOS -T\u00c9RMINOS Y CONDICIONES ACORDES A: LEY 300 DE 1996, DECRETO 53, DE ENERO 18 DE 2002, CIRCULAR 001 DE FEBRERO 25 DE 2009<\/strong><\/em><\/p>\n<p><strong>1.<\/strong> PROMODESTINOS SAS en calidad de asesores tur\u00edsticos, pr\u00e9stamos servicios de asesor\u00eda y tr\u00e1mite de visas informando los requisitos de cada consulado y\/o embajada, revisando la documentaci\u00f3n a presentar y seg\u00fan sea el caso y decisi\u00f3n del cliente efectuando el tr\u00e1mite de solicitud de visa a trav\u00e9s de empresas tramitadoras autorizadas con las que se tiene convenio.<\/p>\n<p><strong>2.<\/strong> Nuestros asesores son capacitados y actualizados constantemente sobre tr\u00e1mites consulares, legalizaci\u00f3n de documentos y obtenci\u00f3n de visas; sin embargo, PROMODESTINOS SAS, no se hace responsable de los cambios constantes y sin previo aviso que efect\u00faan las embajadas, por lo tanto, cualquier documento adicional que sea solicitado por la embajada es responsabilidad de quien est\u00e1 solicitando la visa; las embajadas establecen un tiempo oficial est\u00e1ndar para los tr\u00e1mites, sin embargo, algunas se toman m\u00e1s del tiempo establecido para realizar confirmaciones, verificaciones y si es el caso investigaciones de los documentos presentados en la solicitud; por lo que dichas tardanzas, investigaciones o procesos extraordinarios no son responsabilidad de PROMODESTINOS SAS. Toda informaci\u00f3n es sujeta a verificaci\u00f3n debido a que las embajadas y consulados se reservan el derecho de modificar sin previo aviso la documentaci\u00f3n, derechos consulares y requisitos establecidos.<\/p>\n<p><strong>3.<\/strong> La presentaci\u00f3n de los documentos NO GARANTIZA LA OBTENCI\u00d3N DE LA VISA; esta es decisi\u00f3n exclusiva de la embajada, quienes estudian cuidadosamente la documentaci\u00f3n presentada; en ciertos casos podr\u00eda tener que asistir a una entrevista antes de conocer la decisi\u00f3n final. PROMODESTINOS SAS no se hace responsable por negaciones de visa. Ciertas embajadas, una vez presentada la solicitud de visa, no prestan el pasaporte y tampoco permiten al interesado desistir del tr\u00e1mite antes del tiempo establecido para el estudio.<\/p>\n<p><strong>4.<\/strong> PROMODESTINOS SAS informar\u00e1 los documentos y dem\u00e1s solicitados por las embajadas como asistencias m\u00e9dicas, entre otros, si el cliente toma la decisi\u00f3n de no presentar alguno de los documentos solicitados, PROMODESTINOS SAS quedar\u00e1 exento de cualquier responsabilidad referente al tr\u00e1mite.<\/p>\n<p><strong>5.<\/strong> Todos nuestros env\u00edos se hacen por correo certificado con empresas reconocidas y de excelente calidad, sin embargo, la p\u00e9rdida de documentos, pasaporte, entre otros durante el tr\u00e1mite no es responsabilidad de PROMODESTINOS SAS. De la misma manera, algunas embajadas retienen parte de la documentaci\u00f3n presentada y en algunos casos documentos originales, por lo que PROMODESTINOS SAS exime cualquier responsabilidad.<\/p>\n<p>Acepto las condiciones descritas en la cl\u00e1usula de responsabilidad de PROMODESTINOS SAS para la asesor\u00eda, tr\u00e1mite de visa o legalizaci\u00f3n de documentos.<\/p>\n<p>[\/et_pb_text][\/et_pb_column][\/et_pb_row][\/et_pb_section][et_pb_section fb_built=\u00bb1&#8243; admin_label=\u00bbCarrusel Logos\u00bb _builder_version=\u00bb4.17.6&#8243; _module_preset=\u00bbdefault\u00bb collapsed=\u00bbon\u00bb global_colors_info=\u00bb{}\u00bb][et_pb_row column_structure=\u00bb2_5,3_5&#8243; _builder_version=\u00bb4.19.0&#8243; _module_preset=\u00bbdefault\u00bb animation_style=\u00bbzoom\u00bb animation_delay=\u00bb200ms\u00bb animation_intensity_zoom=\u00bb20%\u00bb global_colors_info=\u00bb{}\u00bb][et_pb_column type=\u00bb2_5&#8243; _builder_version=\u00bb4.19.0&#8243; _module_preset=\u00bbdefault\u00bb global_colors_info=\u00bb{}\u00bb][et_pb_text _builder_version=\u00bb4.22.1&#8243; _module_preset=\u00bbc16985e1-e0d6-4022-964d-e2bfc04fa633&#8243; header_font=\u00bbBebas Neue||||||||\u00bb header_text_color=\u00bb#601010&#8243; header_font_size=\u00bb42px\u00bb header_2_font=\u00bbMontserrat|700|||||||\u00bb header_2_text_color=\u00bb#E02B20&#8243; header_2_font_size=\u00bb36px\u00bb hover_enabled=\u00bb0&#8243; header_font_size_tablet=\u00bb40px\u00bb header_font_size_phone=\u00bb32px\u00bb header_font_size_last_edited=\u00bbon|desktop\u00bb header_2_font_size_tablet=\u00bb32px\u00bb header_2_font_size_phone=\u00bb22px\u00bb header_2_font_size_last_edited=\u00bbon|tablet\u00bb border_width_bottom=\u00bb4px\u00bb border_color_bottom=\u00bb#E02B20&#8243; global_colors_info=\u00bb{}\u00bb sticky_enabled=\u00bb0&#8243;]<\/p>\n<h2>Canad\u00e1<\/h2>\n<p>[\/et_pb_text][et_pb_text _builder_version=\u00bb4.18.0&#8243; _module_preset=\u00bb518880c8-46c7-4ffa-b5a6-93ffa99dcc17&#8243; text_font=\u00bbOpen Sans||||||||\u00bb text_text_color=\u00bb#000000&#8243; text_line_height=\u00bb1.65em\u00bb link_text_color=\u00bb#E02B20&#8243; text_orientation=\u00bbjustified\u00bb width_tablet=\u00bb100%\u00bb width_phone=\u00bb100%\u00bb width_last_edited=\u00bboff|desktop\u00bb custom_margin=\u00bb||||false|false\u00bb text_font_size_tablet=\u00bb14px\u00bb text_font_size_phone=\u00bb14px\u00bb text_font_size_last_edited=\u00bboff|tablet\u00bb global_colors_info=\u00bb{}\u00bb]<\/p>\n<p>Promodestinos le brinda asesor\u00eda en:<\/p>\n<p>&#8211; Diligenciamiento de formularios<br \/>&#8211; Costo y duraci\u00f3n del tr\u00e1mite<br \/>&#8211; Requisitos<br \/>&#8211; Asignaci\u00f3n de cita<\/p>\n<p>Cualquier informaci\u00f3n adicional puede encontrarla en la p\u00e1gina Centro de solicitud de Visas de Canad\u00e1:<\/p>\n<p><a href=\"https:\/\/www.vfsglobal.ca\/Canada\/Colombia\/index.html\" target=\"_blank\" rel=\"noopener\">vfsglobal.ca<\/a><\/p>\n<p>[\/et_pb_text][\/et_pb_column][et_pb_column type=\u00bb3_5&#8243; _builder_version=\u00bb4.19.0&#8243; _module_preset=\u00bbdefault\u00bb global_colors_info=\u00bb{}\u00bb][et_pb_image src=\u00bbhttps:\/\/www.promodestinos.net\/sitio\/wp-content\/uploads\/2023\/07\/canada.jpg\u00bb title_text=\u00bbcanada\u00bb _builder_version=\u00bb4.18.0&#8243; _module_preset=\u00bbdefault\u00bb global_colors_info=\u00bb{}\u00bb][\/et_pb_image][\/et_pb_column][\/et_pb_row][et_pb_row column_structure=\u00bb2_5,3_5&#8243; _builder_version=\u00bb4.19.0&#8243; _module_preset=\u00bbdefault\u00bb animation_style=\u00bbzoom\u00bb animation_delay=\u00bb200ms\u00bb animation_intensity_zoom=\u00bb20%\u00bb global_colors_info=\u00bb{}\u00bb][et_pb_column type=\u00bb2_5&#8243; _builder_version=\u00bb4.19.0&#8243; _module_preset=\u00bbdefault\u00bb global_colors_info=\u00bb{}\u00bb][et_pb_text _builder_version=\u00bb4.18.0&#8243; _module_preset=\u00bbc16985e1-e0d6-4022-964d-e2bfc04fa633&#8243; header_font=\u00bbBebas Neue||||||||\u00bb header_text_color=\u00bb#601010&#8243; header_font_size=\u00bb42px\u00bb header_2_font=\u00bbMontserrat|700|||||||\u00bb header_2_text_color=\u00bb#E02B20&#8243; header_2_font_size=\u00bb36px\u00bb header_font_size_tablet=\u00bb40px\u00bb header_font_size_phone=\u00bb32px\u00bb header_font_size_last_edited=\u00bbon|desktop\u00bb header_2_font_size_tablet=\u00bb32px\u00bb header_2_font_size_phone=\u00bb22px\u00bb header_2_font_size_last_edited=\u00bbon|tablet\u00bb border_width_bottom=\u00bb4px\u00bb border_color_bottom=\u00bb#E02B20&#8243; global_colors_info=\u00bb{}\u00bb]<\/p>\n<h2>Australia<\/h2>\n<p>[\/et_pb_text][et_pb_text _builder_version=\u00bb4.18.0&#8243; _module_preset=\u00bb518880c8-46c7-4ffa-b5a6-93ffa99dcc17&#8243; text_font=\u00bbOpen Sans||||||||\u00bb text_text_color=\u00bb#000000&#8243; text_line_height=\u00bb1.65em\u00bb link_text_color=\u00bb#E02B20&#8243; text_orientation=\u00bbjustified\u00bb width_tablet=\u00bb100%\u00bb width_phone=\u00bb100%\u00bb width_last_edited=\u00bboff|desktop\u00bb custom_margin=\u00bb||||false|false\u00bb text_font_size_tablet=\u00bb14px\u00bb text_font_size_phone=\u00bb14px\u00bb text_font_size_last_edited=\u00bboff|tablet\u00bb global_colors_info=\u00bb{}\u00bb]<\/p>\n<p>Promodestinos brinda asesor\u00eda para:<\/p>\n<p>&#8211; Diligenciar el formulario<br \/>&#8211; Caracter\u00edsticas de las fotos<br \/>&#8211; Procedimiento de citas<br \/>&#8211; Requisitos<br \/>&#8211; Costo y duraci\u00f3n del tr\u00e1mite<\/p>\n<p>Cualquier informaci\u00f3n adicional puede encontrarla en la p\u00e1gina gubernamental Australiana:<\/p>\n<p><a href=\"https:\/\/immi.homeaffairs.gov.au\/visas\/getting-a-visa\/visa-listing\/visitor-600\" target=\"_blank\" rel=\"noopener\" title=\"Immi.homeaffairs.gov.au\">Immi.homeaffairs.gov.au<\/a><\/p>\n<p>[\/et_pb_text][\/et_pb_column][et_pb_column type=\u00bb3_5&#8243; _builder_version=\u00bb4.19.0&#8243; _module_preset=\u00bbdefault\u00bb global_colors_info=\u00bb{}\u00bb][et_pb_image src=\u00bbhttps:\/\/www.promodestinos.net\/sitio\/wp-content\/uploads\/2023\/07\/australia.jpg\u00bb title_text=\u00bbaustralia\u00bb _builder_version=\u00bb4.18.0&#8243; _module_preset=\u00bbdefault\u00bb global_colors_info=\u00bb{}\u00bb][\/et_pb_image][\/et_pb_column][\/et_pb_row][et_pb_row column_structure=\u00bb2_5,3_5&#8243; _builder_version=\u00bb4.19.0&#8243; _module_preset=\u00bbdefault\u00bb animation_style=\u00bbzoom\u00bb animation_delay=\u00bb200ms\u00bb animation_intensity_zoom=\u00bb20%\u00bb global_colors_info=\u00bb{}\u00bb][et_pb_column type=\u00bb2_5&#8243; _builder_version=\u00bb4.19.0&#8243; _module_preset=\u00bbdefault\u00bb global_colors_info=\u00bb{}\u00bb][et_pb_text _builder_version=\u00bb4.22.1&#8243; _module_preset=\u00bbc16985e1-e0d6-4022-964d-e2bfc04fa633&#8243; header_font=\u00bbBebas Neue||||||||\u00bb header_text_color=\u00bb#601010&#8243; header_font_size=\u00bb42px\u00bb header_2_font=\u00bbMontserrat|700|||||||\u00bb header_2_text_color=\u00bb#E02B20&#8243; header_2_font_size=\u00bb36px\u00bb hover_enabled=\u00bb0&#8243; header_font_size_tablet=\u00bb40px\u00bb header_font_size_phone=\u00bb32px\u00bb header_font_size_last_edited=\u00bbon|desktop\u00bb header_2_font_size_tablet=\u00bb32px\u00bb header_2_font_size_phone=\u00bb22px\u00bb header_2_font_size_last_edited=\u00bbon|tablet\u00bb border_width_bottom=\u00bb4px\u00bb border_color_bottom=\u00bb#E02B20&#8243; global_colors_info=\u00bb{}\u00bb sticky_enabled=\u00bb0&#8243;]<\/p>\n<h2>Estados Unidos<\/h2>\n<p>[\/et_pb_text][et_pb_text _builder_version=\u00bb4.18.0&#8243; _module_preset=\u00bb518880c8-46c7-4ffa-b5a6-93ffa99dcc17&#8243; text_font=\u00bbOpen Sans||||||||\u00bb text_text_color=\u00bb#000000&#8243; text_line_height=\u00bb1.65em\u00bb link_text_color=\u00bb#E02B20&#8243; text_orientation=\u00bbjustified\u00bb width_tablet=\u00bb100%\u00bb width_phone=\u00bb100%\u00bb width_last_edited=\u00bboff|desktop\u00bb custom_margin=\u00bb||||false|false\u00bb text_font_size_tablet=\u00bb14px\u00bb text_font_size_phone=\u00bb14px\u00bb text_font_size_last_edited=\u00bboff|tablet\u00bb global_colors_info=\u00bb{}\u00bb]<\/p>\n<p>Promodestinos brinda asesor\u00eda para:<\/p>\n<p>&#8211; Diligenciar el formulario<br \/>&#8211; Caracter\u00edsticas de las fotos<br \/>&#8211; Procedimiento de citas<br \/>&#8211; Requisitos<br \/>&#8211; Costo y duraci\u00f3n del tr\u00e1mite<\/p>\n<p>Cualquier informaci\u00f3n adicional puede encontrarla en la p\u00e1gina de la embajada:<\/p>\n<p><a href=\"https:\/\/co.usembassy.gov\/es\/visas-es\/\" target=\"_blank\" rel=\"noopener\" title=\"co.usembassy.gov\">co.usembassy.gov<\/a><\/p>\n<p>Recuerde que al obtener la visa americana, puede ir a otros pa\u00edses como: Puerto Rico, Alaska, Haw\u00e1i, Costa Rica, Nicaragua.<\/p>\n<p>[\/et_pb_text][\/et_pb_column][et_pb_column type=\u00bb3_5&#8243; _builder_version=\u00bb4.19.0&#8243; _module_preset=\u00bbdefault\u00bb global_colors_info=\u00bb{}\u00bb][et_pb_image src=\u00bbhttps:\/\/www.promodestinos.net\/sitio\/wp-content\/uploads\/2023\/07\/estatua-libertad-horizonte-ciudad-nueva-york-estados-unidos.jpg\u00bb title_text=\u00bbestatua-libertad-horizonte-ciudad-nueva-york-estados-unidos\u00bb _builder_version=\u00bb4.18.0&#8243; _module_preset=\u00bbdefault\u00bb global_colors_info=\u00bb{}\u00bb][\/et_pb_image][\/et_pb_column][\/et_pb_row][et_pb_row column_structure=\u00bb2_5,3_5&#8243; _builder_version=\u00bb4.19.0&#8243; _module_preset=\u00bbdefault\u00bb animation_style=\u00bbzoom\u00bb animation_delay=\u00bb200ms\u00bb animation_intensity_zoom=\u00bb20%\u00bb global_colors_info=\u00bb{}\u00bb][et_pb_column type=\u00bb2_5&#8243; _builder_version=\u00bb4.19.0&#8243; _module_preset=\u00bbdefault\u00bb global_colors_info=\u00bb{}\u00bb][et_pb_text _builder_version=\u00bb4.22.1&#8243; _module_preset=\u00bbc16985e1-e0d6-4022-964d-e2bfc04fa633&#8243; header_font=\u00bbBebas Neue||||||||\u00bb header_text_color=\u00bb#601010&#8243; header_font_size=\u00bb42px\u00bb header_2_font=\u00bbMontserrat|700|||||||\u00bb header_2_text_color=\u00bb#E02B20&#8243; header_2_font_size=\u00bb36px\u00bb hover_enabled=\u00bb0&#8243; header_font_size_tablet=\u00bb40px\u00bb header_font_size_phone=\u00bb32px\u00bb header_font_size_last_edited=\u00bbon|desktop\u00bb header_2_font_size_tablet=\u00bb32px\u00bb header_2_font_size_phone=\u00bb22px\u00bb header_2_font_size_last_edited=\u00bbon|tablet\u00bb border_width_bottom=\u00bb4px\u00bb border_color_bottom=\u00bb#E02B20&#8243; global_colors_info=\u00bb{}\u00bb sticky_enabled=\u00bb0&#8243;]<\/p>\n<h2>Reino Unido<\/h2>\n<p>[\/et_pb_text][et_pb_text _builder_version=\u00bb4.18.0&#8243; _module_preset=\u00bb518880c8-46c7-4ffa-b5a6-93ffa99dcc17&#8243; text_font=\u00bbOpen Sans||||||||\u00bb text_text_color=\u00bb#000000&#8243; text_line_height=\u00bb1.65em\u00bb link_text_color=\u00bb#E02B20&#8243; text_orientation=\u00bbjustified\u00bb width_tablet=\u00bb100%\u00bb width_phone=\u00bb100%\u00bb width_last_edited=\u00bboff|desktop\u00bb custom_margin=\u00bb||||false|false\u00bb text_font_size_tablet=\u00bb14px\u00bb text_font_size_phone=\u00bb14px\u00bb text_font_size_last_edited=\u00bboff|tablet\u00bb global_colors_info=\u00bb{}\u00bb]<\/p>\n<p>Promodestinos le brinda asesor\u00eda en:<\/p>\n<p>&#8211; Diligenciamiento de formularios<br \/>&#8211; Costo y duraci\u00f3n del tr\u00e1mite<br \/>&#8211; Requisitos<br \/>&#8211; Asignaci\u00f3n de cita<\/p>\n<p>Cualquier informaci\u00f3n adicional puede encontrarla en la p\u00e1gina de VFS (Socio oficial de visas e inmigraci\u00f3n del Reino Unido):<\/p>\n<p><a href=\"https:\/\/www.vfsglobal.co.uk\/co\/es\/vacs\" target=\"_blank\" rel=\"noopener\" title=\"Vfsglobal.co.uk\">Vfsglobal.co.uk<\/a><\/p>\n<p>[\/et_pb_text][\/et_pb_column][et_pb_column type=\u00bb3_5&#8243; _builder_version=\u00bb4.19.0&#8243; _module_preset=\u00bbdefault\u00bb global_colors_info=\u00bb{}\u00bb][et_pb_image src=\u00bbhttps:\/\/www.promodestinos.net\/sitio\/wp-content\/uploads\/2023\/07\/reino-unido.jpg\u00bb title_text=\u00bbreino-unido\u00bb _builder_version=\u00bb4.18.0&#8243; _module_preset=\u00bbdefault\u00bb global_colors_info=\u00bb{}\u00bb][\/et_pb_image][\/et_pb_column][\/et_pb_row][et_pb_row column_structure=\u00bb2_5,3_5&#8243; _builder_version=\u00bb4.19.0&#8243; _module_preset=\u00bbdefault\u00bb animation_style=\u00bbzoom\u00bb animation_delay=\u00bb200ms\u00bb animation_intensity_zoom=\u00bb20%\u00bb global_colors_info=\u00bb{}\u00bb][et_pb_column type=\u00bb2_5&#8243; _builder_version=\u00bb4.19.0&#8243; _module_preset=\u00bbdefault\u00bb global_colors_info=\u00bb{}\u00bb][et_pb_text _builder_version=\u00bb4.18.0&#8243; _module_preset=\u00bbc16985e1-e0d6-4022-964d-e2bfc04fa633&#8243; header_font=\u00bbBebas Neue||||||||\u00bb header_text_color=\u00bb#601010&#8243; header_font_size=\u00bb42px\u00bb header_2_font=\u00bbMontserrat|700|||||||\u00bb header_2_text_color=\u00bb#E02B20&#8243; header_2_font_size=\u00bb36px\u00bb header_font_size_tablet=\u00bb40px\u00bb header_font_size_phone=\u00bb32px\u00bb header_font_size_last_edited=\u00bbon|desktop\u00bb header_2_font_size_tablet=\u00bb32px\u00bb header_2_font_size_phone=\u00bb22px\u00bb header_2_font_size_last_edited=\u00bbon|tablet\u00bb border_width_bottom=\u00bb4px\u00bb border_color_bottom=\u00bb#E02B20&#8243; global_colors_info=\u00bb{}\u00bb]<\/p>\n<h2>Pa\u00edses que no requieren visa para colombianos<\/h2>\n<p>[\/et_pb_text][et_pb_text _builder_version=\u00bb4.18.0&#8243; _module_preset=\u00bb518880c8-46c7-4ffa-b5a6-93ffa99dcc17&#8243; text_font=\u00bbOpen Sans||||||||\u00bb text_text_color=\u00bb#000000&#8243; text_line_height=\u00bb1.65em\u00bb text_orientation=\u00bbjustified\u00bb width_tablet=\u00bb100%\u00bb width_phone=\u00bb100%\u00bb width_last_edited=\u00bboff|desktop\u00bb custom_margin=\u00bb||||false|false\u00bb text_font_size_tablet=\u00bb14px\u00bb text_font_size_phone=\u00bb14px\u00bb text_font_size_last_edited=\u00bboff|tablet\u00bb global_colors_info=\u00bb{}\u00bb]Los pa\u00edses que no exigen visa a los colombianos son: Andorra, Aruba, Argentina, Barbados, Bolivia, Bonaire, Brasil, Chile, Corea del Sur, Cuba, Curazao, Dominica, Ecuador, El Salvador, Filipinas, Georgia, Guatemala, Honduras, Israel, Jamaica, M\u00e9xico, Palau, Panam\u00e1, Paraguay, Per\u00fa, Rep\u00fablica Dominicana, Rusia, Saint Kitts y Nevis, Samoa, San Vicente y las granadinas, Saint Marteen, Singapur, Trinidad y Tobago, Turqu\u00eda, Uruguay, Venezuela, Hong Kong, Espa\u00f1a.[\/et_pb_text][\/et_pb_column][et_pb_column type=\u00bb3_5&#8243; _builder_version=\u00bb4.19.0&#8243; _module_preset=\u00bbdefault\u00bb global_colors_info=\u00bb{}\u00bb][et_pb_image src=\u00bbhttps:\/\/www.promodestinos.net\/sitio\/wp-content\/uploads\/2023\/06\/img-1-2.jpg\u00bb title_text=\u00bbimg-1 (2)\u00bb _builder_version=\u00bb4.18.0&#8243; _module_preset=\u00bbdefault\u00bb global_colors_info=\u00bb{}\u00bb][\/et_pb_image][\/et_pb_column][\/et_pb_row][\/et_pb_section]<\/p>\n","protected":false},"excerpt":{"rendered":"<p>Paquetes tur\u00edsticosTr\u00e1mite de visasDescripci\u00f3n:Facilitamos tus sue\u00f1os de viajar por el mundo con nuestro servicio de tr\u00e1mite de visas en Promodestinos. Nuestro equipo de expertos te guiar\u00e1 en cada paso del proceso para obtener tu visa de manera exitosa. Conf\u00eda en nosotros para hacer realidad tus planes de viaje y comenzar a vivir las experiencias que [&hellip;]<\/p>\n","protected":false},"author":2,"featured_media":0,"parent":0,"menu_order":0,"comment_status":"closed","ping_status":"closed","template":"","meta":{"_et_pb_use_builder":"on","_et_pb_old_content":"<!-- wp:divi\/placeholder \/-->","_et_gb_content_width":"","_joinchat":[],"footnotes":""},"class_list":["post-229986","page","type-page","status-publish","hentry"],"_links":{"self":[{"href":"https:\/\/www.promodestinos.net\/sitio\/wp-json\/wp\/v2\/pages\/229986","targetHints":{"allow":["GET"]}}],"collection":[{"href":"https:\/\/www.promodestinos.net\/sitio\/wp-json\/wp\/v2\/pages"}],"about":[{"href":"https:\/\/www.promodestinos.net\/sitio\/wp-json\/wp\/v2\/types\/page"}],"author":[{"embeddable":true,"href":"https:\/\/www.promodestinos.net\/sitio\/wp-json\/wp\/v2\/users\/2"}],"replies":[{"embeddable":true,"href":"https:\/\/www.promodestinos.net\/sitio\/wp-json\/wp\/v2\/comments?post=229986"}],"version-history":[{"count":12,"href":"https:\/\/www.promodestinos.net\/sitio\/wp-json\/wp\/v2\/pages\/229986\/revisions"}],"predecessor-version":[{"id":230146,"href":"https:\/\/www.promodestinos.net\/sitio\/wp-json\/wp\/v2\/pages\/229986\/revisions\/230146"}],"wp:attachment":[{"href":"https:\/\/www.promodestinos.net\/sitio\/wp-json\/wp\/v2\/media?parent=229986"}],"curies":[{"name":"wp","href":"https:\/\/api.w.org\/{rel}","templated":true}]}}